{"id":575,"date":"2024-07-15T12:59:37","date_gmt":"2024-07-15T12:59:37","guid":{"rendered":"http:\/\/ahouz.com\/?page_id=575"},"modified":"2024-07-15T12:24:29","modified_gmt":"2024-07-15T12:24:29","slug":"sobre-nos","status":"publish","type":"page","link":"https:\/\/ahouz.com\/index.php\/home\/sobre-nos\/","title":{"rendered":"Sobre n\u00f3s"},"content":{"rendered":"<p>A Ahouz \u00e9 constitu\u00edda por uma equipa com as mais variadas compet\u00eancias, incluindo designers de produto e engenheiros, motivados para criar estruturas habitacionais e acess\u00edveis a um maior n\u00famero de pessoas.<\/p>\n<h3>A nossa miss\u00e3o<\/h3>\n<p>Na AHOUZ, a nossa miss\u00e3o \u00e9 disponibilizar op\u00e7\u00f5es reais e vi\u00e1veis relativamnte a m\u00e9todos de constru\u00e7\u00e3o tradicionais. Pretendemos criar espa\u00e7os modernos de qualidade e com elevada efici\u00eancia energ\u00e9tica, com um design flex\u00edvel, usando materiais de alto desempenho, montados com rigor e rapidez, a um pre\u00e7o acesss\u00edvel.<\/p>\n<p>Pretendemos alcan\u00e7ar um crescimento sustent\u00e1vel, trabalhando em conjunto com uma rede de parceiros regionais, oferecendo benef\u00edcios para os nossos acionistas, parceiros e clientes.<\/p>\n<h3>A nossa vis\u00e3o<\/h3>\n<p>Usar tecnologia dispon\u00edvel, materiais avan\u00e7ados e produ\u00e7\u00e3o em larga escalade pe\u00e7as para criar habita\u00e7\u00f5es e uma viv\u00eancia de qualidade que esteja dispon\u00edvel er acess\u00edvel a um n\u00famero maior de pessoas.<\/p>\n","protected":false},"excerpt":{"rendered":"<p>A Ahouz \u00e9 constitu\u00edda por uma equipa com as mais variadas compet\u00eancias, incluindo designers de produto e engenheiros, motivados para criar estruturas habitacionais e acess\u00edveis a um maior n\u00famero de pessoas. A nossa miss\u00e3o Na AHOUZ, a nossa miss\u00e3o \u00e9 disponibilizar op\u00e7\u00f5es reais e vi\u00e1veis relativamnte a m\u00e9todos de constru\u00e7\u00e3o tradicionais. Pretendemos criar espa\u00e7os modernos [&hellip;]<\/p>\n","protected":false},"author":1,"featured_media":26,"parent":33,"menu_order":0,"comment_status":"closed","ping_status":"closed","template":"","meta":{"om_disable_all_campaigns":false,"_monsterinsights_skip_tracking":false,"_monsterinsights_sitenote_active":false,"_monsterinsights_sitenote_note":"","_monsterinsights_sitenote_category":0,"_uf_show_specific_survey":0,"_uf_disable_surveys":false,"footnotes":""},"class_list":["post-575","page","type-page","status-publish","has-post-thumbnail","hentry","entry","has-media"],"aioseo_notices":[],"_links":{"self":[{"href":"https:\/\/ahouz.com\/index.php\/wp-json\/wp\/v2\/pages\/575","targetHints":{"allow":["GET"]}}],"collection":[{"href":"https:\/\/ahouz.com\/index.php\/wp-json\/wp\/v2\/pages"}],"about":[{"href":"https:\/\/ahouz.com\/index.php\/wp-json\/wp\/v2\/types\/page"}],"author":[{"embeddable":true,"href":"https:\/\/ahouz.com\/index.php\/wp-json\/wp\/v2\/users\/1"}],"replies":[{"embeddable":true,"href":"https:\/\/ahouz.com\/index.php\/wp-json\/wp\/v2\/comments?post=575"}],"version-history":[{"count":1,"href":"https:\/\/ahouz.com\/index.php\/wp-json\/wp\/v2\/pages\/575\/revisions"}],"predecessor-version":[{"id":576,"href":"https:\/\/ahouz.com\/index.php\/wp-json\/wp\/v2\/pages\/575\/revisions\/576"}],"up":[{"embeddable":true,"href":"https:\/\/ahouz.com\/index.php\/wp-json\/wp\/v2\/pages\/33"}],"wp:featuredmedia":[{"embeddable":true,"href":"https:\/\/ahouz.com\/index.php\/wp-json\/wp\/v2\/media\/26"}],"wp:attachment":[{"href":"https:\/\/ahouz.com\/index.php\/wp-json\/wp\/v2\/media?parent=575"}],"curies":[{"name":"wp","href":"https:\/\/api.w.org\/{rel}","templated":true}]}}